{"id":9,"date":"2022-12-26T10:46:44","date_gmt":"2022-12-26T09:46:44","guid":{"rendered":"http:\/\/atmocold.com\/?page_id=9"},"modified":"2026-03-07T14:50:28","modified_gmt":"2026-03-07T13:50:28","slug":"qui-sommes-nous","status":"publish","type":"page","link":"https:\/\/atmocold.com\/index.php\/qui-sommes-nous\/","title":{"rendered":"Qui sommes-nous ?"},"content":{"rendered":"<p>[et_pb_section fb_built=\u00a0\u00bb1&Prime; _builder_version=\u00a0\u00bb4.27.6&Prime; background_color=\u00a0\u00bbRGBA(255,255,255,0)\u00a0\u00bb use_background_color_gradient=\u00a0\u00bbon\u00a0\u00bb background_color_gradient_stops=\u00a0\u00bb#000000 0%|#ffffff 13%\u00a0\u00bb background_color_gradient_start=\u00a0\u00bb#000000&Prime; background_color_gradient_end=\u00a0\u00bb#ffffff\u00a0\u00bb background_color_gradient_end_position=\u00a0\u00bb13%\u00a0\u00bb background_image=\u00a0\u00bbhttps:\/\/atmocold.com\/wp-content\/uploads\/2026\/03\/ChatGPT-Image-7-mars-2026-15_47_28.png\u00a0\u00bb min_height=\u00a0\u00bb1841.7px\u00a0\u00bb custom_margin=\u00a0\u00bb||-6px|||\u00a0\u00bb custom_padding=\u00a0\u00bb110px||51px|||\u00a0\u00bb hover_enabled=\u00a0\u00bb0&Prime; global_colors_info=\u00a0\u00bb{}\u00a0\u00bb title_text=\u00a0\u00bbChatGPT Image 7 mars 2026, 15_47_28&Prime; sticky_enabled=\u00a0\u00bb0&Prime;][et_pb_row column_structure=\u00a0\u00bb2_3,1_3&Prime; _builder_version=\u00a0\u00bb4.27.6&Prime; background_color=\u00a0\u00bbrgba(255,255,255,0)\u00a0\u00bb background_enable_image=\u00a0\u00bboff\u00a0\u00bb width=\u00a0\u00bb84.2%\u00a0\u00bb min_height=\u00a0\u00bb963.7px\u00a0\u00bb global_colors_info=\u00a0\u00bb{}\u00a0\u00bb custom_padding=\u00a0\u00bb11px|||||\u00a0\u00bb][et_pb_column type=\u00a0\u00bb2_3&Prime; _builder_version=\u00a0\u00bb4.16&Prime; custom_padding=\u00a0\u00bb|||\u00a0\u00bb global_colors_info=\u00a0\u00bb{}\u00a0\u00bb custom_padding__hover=\u00a0\u00bb|||\u00a0\u00bb][et_pb_text admin_label=\u00a0\u00bbDiscover Beatuty Sub Title\u00a0\u00bb _builder_version=\u00a0\u00bb4.16&Prime; text_font=\u00a0\u00bbRoboto||||\u00a0\u00bb text_text_color=\u00a0\u00bb#1a1a1a\u00a0\u00bb text_font_size=\u00a0\u00bb24px\u00a0\u00bb text_line_height=\u00a0\u00bb1.4em\u00a0\u00bb custom_margin=\u00a0\u00bb169px|||||\u00a0\u00bb custom_padding=\u00a0\u00bb6px||0px|||\u00a0\u00bb animation_style=\u00a0\u00bbslide\u00a0\u00bb animation_direction=\u00a0\u00bbtop\u00a0\u00bb animation_intensity_slide=\u00a0\u00bb10%\u00a0\u00bb global_colors_info=\u00a0\u00bb{}\u00a0\u00bb]<\/p>\n<blockquote><\/blockquote>\n<h4 style=\"text-align: center;\"><span style=\"color: #000000; font-size: xx-large;\"><strong>VOTRE SP\u00c9CIALISTE EN R\u00c9FRIG\u00c9RATION<\/strong><\/span><\/h4>\n<blockquote><\/blockquote>\n<p>[\/et_pb_text][et_pb_divider color=\u00a0\u00bb#2B8DCB\u00a0\u00bb divider_position=\u00a0\u00bbcenter\u00a0\u00bb divider_weight=\u00a0\u00bb3px\u00a0\u00bb disabled_on=\u00a0\u00bboff|off|off\u00a0\u00bb _builder_version=\u00a0\u00bb4.16&Prime; max_width=\u00a0\u00bb150px\u00a0\u00bb height=\u00a0\u00bbfalse\u00a0\u00bb animation_style=\u00a0\u00bbslide\u00a0\u00bb animation_direction=\u00a0\u00bbtop\u00a0\u00bb animation_delay=\u00a0\u00bb100ms\u00a0\u00bb animation_intensity_slide=\u00a0\u00bb10%\u00a0\u00bb global_colors_info=\u00a0\u00bb{}\u00a0\u00bb][\/et_pb_divider][et_pb_text admin_label=\u00a0\u00bbDiscover Beatuty Text\u00a0\u00bb _builder_version=\u00a0\u00bb4.16&Prime; text_font=\u00a0\u00bbRoboto||||\u00a0\u00bb text_font_size=\u00a0\u00bb16px\u00a0\u00bb text_line_height=\u00a0\u00bb1.9em\u00a0\u00bb width=\u00a0\u00bb100%\u00a0\u00bb min_height=\u00a0\u00bb567px\u00a0\u00bb custom_padding=\u00a0\u00bb29px||0px|0px||\u00a0\u00bb animation_style=\u00a0\u00bbslide\u00a0\u00bb animation_direction=\u00a0\u00bbtop\u00a0\u00bb animation_delay=\u00a0\u00bb200ms\u00a0\u00bb animation_intensity_slide=\u00a0\u00bb10%\u00a0\u00bb global_colors_info=\u00a0\u00bb{}\u00a0\u00bb]<\/p>\n<blockquote>\n<h1><span style=\"font-size: x-large; color: #000000;\"><strong>ATMOCOLD est une entreprise sp\u00e9cialis\u00e9e dans le froid industriel, le traitement de l&rsquo;air, la maintenance d&rsquo;\u00e9quipements et la conservation. Nous disposons d&rsquo;une \u00e9quipe de techniciens form\u00e9s et exp\u00e9riment\u00e9s et nous accompagnons nos clients tout au long de leur projet en proposant des solutions adapt\u00e9es \u00e0 leurs besoins.<\/strong><\/span><\/h1>\n<\/blockquote>\n<p>[\/et_pb_text][\/et_pb_column][et_pb_column type=\u00a0\u00bb1_3&Prime; _builder_version=\u00a0\u00bb4.16&Prime; custom_padding=\u00a0\u00bb|||\u00a0\u00bb global_colors_info=\u00a0\u00bb{}\u00a0\u00bb custom_padding__hover=\u00a0\u00bb|||\u00a0\u00bb][\/et_pb_column][\/et_pb_row][\/et_pb_section]<\/p>\n","protected":false},"excerpt":{"rendered":"<p>VOTRE SP\u00c9CIALISTE EN R\u00c9FRIG\u00c9RATION ATMOCOLD est une entreprise sp\u00e9cialis\u00e9e dans le froid industriel, le traitement de l&rsquo;air, la maintenance d&rsquo;\u00e9quipements et la conservation. Nous disposons d&rsquo;une \u00e9quipe de techniciens form\u00e9s et exp\u00e9riment\u00e9s et nous accompagnons nos clients tout au long de leur projet en proposant des solutions adapt\u00e9es \u00e0 leurs besoins.<\/p>\n","protected":false},"author":1,"featured_media":0,"parent":0,"menu_order":0,"comment_status":"closed","ping_status":"closed","template":"","meta":{"_et_pb_use_builder":"on","_et_pb_old_content":"","_et_gb_content_width":"","footnotes":""},"class_list":["post-9","page","type-page","status-publish","hentry"],"yoast_head":"<!-- This site is optimized with the Yoast SEO plugin v27.4 - https:\/\/yoast.com\/product\/yoast-seo-wordpress\/ -->\n<title>Qui sommes-nous ? - ATMOCOLD<\/title>\n<meta name=\"robots\" content=\"index, follow, max-snippet:-1, max-image-preview:large, max-video-preview:-1\" \/>\n<link rel=\"canonical\" href=\"https:\/\/atmocold.com\/index.php\/qui-sommes-nous\/\" \/>\n<meta property=\"og:locale\" content=\"fr_FR\" \/>\n<meta property=\"og:type\" content=\"article\" \/>\n<meta property=\"og:title\" content=\"Qui sommes-nous ? - ATMOCOLD\" \/>\n<meta property=\"og:description\" content=\"VOTRE SP\u00c9CIALISTE EN R\u00c9FRIG\u00c9RATION ATMOCOLD est une entreprise sp\u00e9cialis\u00e9e dans le froid industriel, le traitement de l&#039;air, la maintenance d&#039;\u00e9quipements et la conservation. Nous disposons d&#039;une \u00e9quipe de techniciens form\u00e9s et exp\u00e9riment\u00e9s et nous accompagnons nos clients tout au long de leur projet en proposant des solutions adapt\u00e9es \u00e0 leurs besoins.\" \/>\n<meta property=\"og:url\" content=\"https:\/\/atmocold.com\/index.php\/qui-sommes-nous\/\" \/>\n<meta property=\"og:site_name\" content=\"ATMOCOLD\" \/>\n<meta property=\"article:publisher\" content=\"https:\/\/www.linkedin.com\/in\/sohaib-bouhafs-8437881b2?utm_source=share&amp;utm_campaign=share_via&amp;utm_content=profile&amp;utm_medium=ios_app\" \/>\n<meta property=\"article:modified_time\" content=\"2026-03-07T13:50:28+00:00\" \/>\n<meta name=\"twitter:card\" content=\"summary_large_image\" \/>\n<meta name=\"twitter:label1\" content=\"Dur\u00e9e de lecture estim\u00e9e\" \/>\n\t<meta name=\"twitter:data1\" content=\"2 minutes\" \/>\n<script type=\"application\/ld+json\" class=\"yoast-schema-graph\">{\"@context\":\"https:\\\/\\\/schema.org\",\"@graph\":[{\"@type\":\"WebPage\",\"@id\":\"https:\\\/\\\/atmocold.com\\\/index.php\\\/qui-sommes-nous\\\/\",\"url\":\"https:\\\/\\\/atmocold.com\\\/index.php\\\/qui-sommes-nous\\\/\",\"name\":\"Qui sommes-nous ? - ATMOCOLD\",\"isPartOf\":{\"@id\":\"https:\\\/\\\/atmocold.com\\\/#website\"},\"datePublished\":\"2022-12-26T09:46:44+00:00\",\"dateModified\":\"2026-03-07T13:50:28+00:00\",\"breadcrumb\":{\"@id\":\"https:\\\/\\\/atmocold.com\\\/index.php\\\/qui-sommes-nous\\\/#breadcrumb\"},\"inLanguage\":\"fr-FR\",\"potentialAction\":[{\"@type\":\"ReadAction\",\"target\":[\"https:\\\/\\\/atmocold.com\\\/index.php\\\/qui-sommes-nous\\\/\"]}]},{\"@type\":\"BreadcrumbList\",\"@id\":\"https:\\\/\\\/atmocold.com\\\/index.php\\\/qui-sommes-nous\\\/#breadcrumb\",\"itemListElement\":[{\"@type\":\"ListItem\",\"position\":1,\"name\":\"Accueil\",\"item\":\"https:\\\/\\\/atmocold.com\\\/\"},{\"@type\":\"ListItem\",\"position\":2,\"name\":\"Qui sommes-nous ?\"}]},{\"@type\":\"WebSite\",\"@id\":\"https:\\\/\\\/atmocold.com\\\/#website\",\"url\":\"https:\\\/\\\/atmocold.com\\\/\",\"name\":\"ATMOCOLD\",\"description\":\"Refrigeration Industrielle\",\"publisher\":{\"@id\":\"https:\\\/\\\/atmocold.com\\\/#organization\"},\"potentialAction\":[{\"@type\":\"SearchAction\",\"target\":{\"@type\":\"EntryPoint\",\"urlTemplate\":\"https:\\\/\\\/atmocold.com\\\/?s={search_term_string}\"},\"query-input\":{\"@type\":\"PropertyValueSpecification\",\"valueRequired\":true,\"valueName\":\"search_term_string\"}}],\"inLanguage\":\"fr-FR\"},{\"@type\":\"Organization\",\"@id\":\"https:\\\/\\\/atmocold.com\\\/#organization\",\"name\":\"ATMOCOLD\",\"url\":\"https:\\\/\\\/atmocold.com\\\/\",\"logo\":{\"@type\":\"ImageObject\",\"inLanguage\":\"fr-FR\",\"@id\":\"https:\\\/\\\/atmocold.com\\\/#\\\/schema\\\/logo\\\/image\\\/\",\"url\":\"https:\\\/\\\/atmocold.com\\\/wp-content\\\/uploads\\\/2023\\\/04\\\/logo-atmo-cold-2.png\",\"contentUrl\":\"https:\\\/\\\/atmocold.com\\\/wp-content\\\/uploads\\\/2023\\\/04\\\/logo-atmo-cold-2.png\",\"width\":1000,\"height\":917,\"caption\":\"ATMOCOLD\"},\"image\":{\"@id\":\"https:\\\/\\\/atmocold.com\\\/#\\\/schema\\\/logo\\\/image\\\/\"},\"sameAs\":[\"https:\\\/\\\/www.linkedin.com\\\/in\\\/sohaib-bouhafs-8437881b2?utm_source=share&utm_campaign=share_via&utm_content=profile&utm_medium=ios_app\"]}]}<\/script>\n<!-- \/ Yoast SEO plugin. -->","yoast_head_json":{"title":"Qui sommes-nous ? - ATMOCOLD","robots":{"index":"index","follow":"follow","max-snippet":"max-snippet:-1","max-image-preview":"max-image-preview:large","max-video-preview":"max-video-preview:-1"},"canonical":"https:\/\/atmocold.com\/index.php\/qui-sommes-nous\/","og_locale":"fr_FR","og_type":"article","og_title":"Qui sommes-nous ? - ATMOCOLD","og_description":"VOTRE SP\u00c9CIALISTE EN R\u00c9FRIG\u00c9RATION ATMOCOLD est une entreprise sp\u00e9cialis\u00e9e dans le froid industriel, le traitement de l'air, la maintenance d'\u00e9quipements et la conservation. Nous disposons d'une \u00e9quipe de techniciens form\u00e9s et exp\u00e9riment\u00e9s et nous accompagnons nos clients tout au long de leur projet en proposant des solutions adapt\u00e9es \u00e0 leurs besoins.","og_url":"https:\/\/atmocold.com\/index.php\/qui-sommes-nous\/","og_site_name":"ATMOCOLD","article_publisher":"https:\/\/www.linkedin.com\/in\/sohaib-bouhafs-8437881b2?utm_source=share&utm_campaign=share_via&utm_content=profile&utm_medium=ios_app","article_modified_time":"2026-03-07T13:50:28+00:00","twitter_card":"summary_large_image","twitter_misc":{"Dur\u00e9e de lecture estim\u00e9e":"2 minutes"},"schema":{"@context":"https:\/\/schema.org","@graph":[{"@type":"WebPage","@id":"https:\/\/atmocold.com\/index.php\/qui-sommes-nous\/","url":"https:\/\/atmocold.com\/index.php\/qui-sommes-nous\/","name":"Qui sommes-nous ? - ATMOCOLD","isPartOf":{"@id":"https:\/\/atmocold.com\/#website"},"datePublished":"2022-12-26T09:46:44+00:00","dateModified":"2026-03-07T13:50:28+00:00","breadcrumb":{"@id":"https:\/\/atmocold.com\/index.php\/qui-sommes-nous\/#breadcrumb"},"inLanguage":"fr-FR","potentialAction":[{"@type":"ReadAction","target":["https:\/\/atmocold.com\/index.php\/qui-sommes-nous\/"]}]},{"@type":"BreadcrumbList","@id":"https:\/\/atmocold.com\/index.php\/qui-sommes-nous\/#breadcrumb","itemListElement":[{"@type":"ListItem","position":1,"name":"Accueil","item":"https:\/\/atmocold.com\/"},{"@type":"ListItem","position":2,"name":"Qui sommes-nous ?"}]},{"@type":"WebSite","@id":"https:\/\/atmocold.com\/#website","url":"https:\/\/atmocold.com\/","name":"ATMOCOLD","description":"Refrigeration Industrielle","publisher":{"@id":"https:\/\/atmocold.com\/#organization"},"potentialAction":[{"@type":"SearchAction","target":{"@type":"EntryPoint","urlTemplate":"https:\/\/atmocold.com\/?s={search_term_string}"},"query-input":{"@type":"PropertyValueSpecification","valueRequired":true,"valueName":"search_term_string"}}],"inLanguage":"fr-FR"},{"@type":"Organization","@id":"https:\/\/atmocold.com\/#organization","name":"ATMOCOLD","url":"https:\/\/atmocold.com\/","logo":{"@type":"ImageObject","inLanguage":"fr-FR","@id":"https:\/\/atmocold.com\/#\/schema\/logo\/image\/","url":"https:\/\/atmocold.com\/wp-content\/uploads\/2023\/04\/logo-atmo-cold-2.png","contentUrl":"https:\/\/atmocold.com\/wp-content\/uploads\/2023\/04\/logo-atmo-cold-2.png","width":1000,"height":917,"caption":"ATMOCOLD"},"image":{"@id":"https:\/\/atmocold.com\/#\/schema\/logo\/image\/"},"sameAs":["https:\/\/www.linkedin.com\/in\/sohaib-bouhafs-8437881b2?utm_source=share&utm_campaign=share_via&utm_content=profile&utm_medium=ios_app"]}]}},"_links":{"self":[{"href":"https:\/\/atmocold.com\/index.php\/wp-json\/wp\/v2\/pages\/9","targetHints":{"allow":["GET"]}}],"collection":[{"href":"https:\/\/atmocold.com\/index.php\/wp-json\/wp\/v2\/pages"}],"about":[{"href":"https:\/\/atmocold.com\/index.php\/wp-json\/wp\/v2\/types\/page"}],"author":[{"embeddable":true,"href":"https:\/\/atmocold.com\/index.php\/wp-json\/wp\/v2\/users\/1"}],"replies":[{"embeddable":true,"href":"https:\/\/atmocold.com\/index.php\/wp-json\/wp\/v2\/comments?post=9"}],"version-history":[{"count":29,"href":"https:\/\/atmocold.com\/index.php\/wp-json\/wp\/v2\/pages\/9\/revisions"}],"predecessor-version":[{"id":903,"href":"https:\/\/atmocold.com\/index.php\/wp-json\/wp\/v2\/pages\/9\/revisions\/903"}],"wp:attachment":[{"href":"https:\/\/atmocold.com\/index.php\/wp-json\/wp\/v2\/media?parent=9"}],"curies":[{"name":"wp","href":"https:\/\/api.w.org\/{rel}","templated":true}]}}